{"id":3,"date":"2026-01-25T13:04:43","date_gmt":"2026-01-25T13:04:43","guid":{"rendered":"https:\/\/samaan.legal\/?page_id=3"},"modified":"2026-02-20T09:24:54","modified_gmt":"2026-02-20T09:24:54","slug":"privacy-policy","status":"publish","type":"page","link":"https:\/\/samaan.legal\/ar\/privacy-policy\/","title":{"rendered":"\u0633\u064a\u0627\u0633\u0629 \u0627\u0644\u062e\u0635\u0648\u0635\u064a\u0629"},"content":{"rendered":"<div data-elementor-type=\"wp-page\" data-elementor-id=\"3\" class=\"elementor elementor-3\">\n\t\t\t\t<div class=\"elementor-element elementor-element-a9937c4 e-flex e-con-boxed e-con e-parent\" data-id=\"a9937c4\" data-element_type=\"container\" data-e-type=\"container\" data-settings=\"{&quot;background_background&quot;:&quot;classic&quot;}\">\n\t\t\t\t\t<div class=\"e-con-inner\">\n\t\t\t\t<div class=\"elementor-element elementor-element-bfdefa5 elementor-widget-mobile__width-initial elementor-widget elementor-widget-heading\" data-id=\"bfdefa5\" data-element_type=\"widget\" data-e-type=\"widget\" data-widget_type=\"heading.default\">\n\t\t\t\t<div class=\"elementor-widget-container\">\n\t\t\t\t\t<h1 class=\"elementor-heading-title elementor-size-default\">\u0633\u064a\u0627\u0633\u0629 \u0627\u0644\u062e\u0635\u0648\u0635\u064a\u0629<\/h1>\t\t\t\t<\/div>\n\t\t\t\t<\/div>\n\t\t\t\t\t<\/div>\n\t\t\t\t<\/div>\n\t\t<div class=\"elementor-element elementor-element-733a547 e-flex e-con-boxed e-con e-parent\" data-id=\"733a547\" data-element_type=\"container\" data-e-type=\"container\">\n\t\t\t\t\t<div class=\"e-con-inner\">\n\t\t\t\t<div class=\"elementor-element elementor-element-4c03c5fb elementor-widget elementor-widget-text-editor\" data-id=\"4c03c5fb\" data-element_type=\"widget\" data-e-type=\"widget\" data-widget_type=\"text-editor.default\">\n\t\t\t\t<div class=\"elementor-widget-container\">\n\t\t\t\t\t\t\t\t\t<p><strong>1. \u0645\u0631\u0627\u0642\u0628\u0629 \u0627\u0644\u0628\u064a\u0627\u0646\u0627\u062a<\/strong><\/p><p>\u0627\u0644\u062c\u0647\u0629 \u0627\u0644\u0645\u0633\u0624\u0648\u0644\u0629 \u0639\u0646 \u0645\u0639\u0627\u0644\u062c\u0629 \u0627\u0644\u0628\u064a\u0627\u0646\u0627\u062a \u0627\u0644\u0634\u062e\u0635\u064a\u0629 \u0639\u0644\u0649 \u0647\u0630\u0627 \u0627\u0644\u0645\u0648\u0642\u0639 \u0627\u0644\u0625\u0644\u0643\u062a\u0631\u0648\u0646\u064a \u0647\u064a:<\/p><p>SAMAAN.LEGAL<br \/>\u0627\u0644\u062f\u0643\u062a\u0648\u0631 \u064a\u0648\u0647\u0627\u0646\u0633 \u0633\u0645\u0639\u0627\u0646<br \/>Reichsratsstra\u00dfe 13\/12a\u060c 1010 \u0641\u064a\u064a\u0646\u0627\u060c \u0627\u0644\u0646\u0645\u0633\u0627.<br \/>\u0627\u0644\u0628\u0631\u064a\u062f \u0627\u0644\u0625\u0644\u0643\u062a\u0631\u0648\u0646\u064a: johannes@samaan.legal<\/p><p>\u0631\u0642\u0645 \u0627\u0644\u0647\u0627\u062a\u0641: 01\/9977003<\/p><p><strong>2. \u0643\u0644 \u0645\u0627 \u062a\u062d\u062a\u0627\u062c \u0644\u0645\u0639\u0631\u0641\u062a\u0647 \u062d\u0648\u0644 \u0627\u0644\u0628\u064a\u0627\u0646\u0627\u062a<\/strong><\/p><p>\u0625\u0646 \u062d\u0645\u0627\u064a\u0629 \u0628\u064a\u0627\u0646\u0627\u062a\u0643 \u0627\u0644\u0634\u062e\u0635\u064a\u0629 \u0623\u0645\u0631 \u0628\u0627\u0644\u063a \u0627\u0644\u0623\u0647\u0645\u064a\u0629 \u0628\u0627\u0644\u0646\u0633\u0628\u0629 \u0644\u0646\u0627. \u062a\u0634\u0645\u0644 \u0627\u0644\u0628\u064a\u0627\u0646\u0627\u062a \u0627\u0644\u0634\u062e\u0635\u064a\u0629 \u0641\u064a \u0647\u0630\u0627 \u0627\u0644\u0633\u064a\u0627\u0642 \u062c\u0645\u064a\u0639 \u0627\u0644\u0645\u0639\u0644\u0648\u0645\u0627\u062a\u060c \u0628\u0645\u0627 \u0641\u064a \u0630\u0644\u0643 \u0647\u0648\u064a\u0629 \u0627\u0644\u0634\u062e\u0635 \u0627\u0644\u0630\u064a \u062a\u062a\u0648\u0627\u0635\u0644 \u0645\u0639\u0647 (\u0645\u062b\u0644 \u0627\u0644\u0627\u0633\u0645\u060c \u0648\u0639\u0646\u0648\u0627\u0646 \u0627\u0644\u0628\u0631\u064a\u062f \u0627\u0644\u0625\u0644\u0643\u062a\u0631\u0648\u0646\u064a\u060c \u0648\u0631\u0642\u0645 \u0627\u0644\u0647\u0627\u062a\u0641).<\/p><p>\u0646\u0633\u0627\u0639\u062f\u0643 \u0641\u064a \u0627\u0644\u0639\u062b\u0648\u0631 \u0639\u0644\u0649 \u0623\u0641\u0636\u0644 \u0646\u0638\u0627\u0645 \u0645\u0646\u0627\u0639\u064a \u0645\u0646 \u062e\u0644\u0627\u0644 \u0627\u0644\u0644\u0627\u0626\u062d\u0629 \u0627\u0644\u0639\u0627\u0645\u0629 \u0644\u062d\u0645\u0627\u064a\u0629 \u0627\u0644\u0628\u064a\u0627\u0646\u0627\u062a (GDPR) \u0648\u0642\u0627\u0646\u0648\u0646 \u0627\u0644\u0627\u062a\u0635\u0627\u0644\u0627\u062a (TKG).<\/p><p><strong>3. \u062c\u0645\u0639 \u0627\u0644\u0628\u064a\u0627\u0646\u0627\u062a \u0627\u0644\u0634\u062e\u0635\u064a\u0629 \u0648\u0645\u0639\u0627\u0644\u062c\u062a\u0647\u0627 \u0648\u0627\u0633\u062a\u062e\u062f\u0627\u0645\u0647\u0627<\/strong><\/p><p>\u064a\u062a\u0645 \u062c\u0645\u0639 \u0627\u0644\u0628\u064a\u0627\u0646\u0627\u062a \u0627\u0644\u0634\u062e\u0635\u064a\u0629 \u0639\u0646\u062f\u0645\u0627 \u062a\u0642\u062f\u0645\u0647\u0627 \u0644\u0646\u0627 \u0637\u0648\u0627\u0639\u064a\u0629\u060c \u0639\u0644\u0649 \u0633\u0628\u064a\u0644 \u0627\u0644\u0645\u062b\u0627\u0644 \u0639\u0628\u0631 \u0623\u0648\u0628\u0631:<\/p><p>\u062a\u0648\u0627\u0635\u0644 \u0645\u0639\u0646\u0627 \u0628\u0627\u0633\u062a\u062e\u062f\u0627\u0645 \u0627\u0644\u0646\u0645\u0648\u0630\u062c \u0627\u0644\u0645\u0648\u062c\u0648\u062f \u0639\u0644\u0649 \u0627\u0644\u0645\u0648\u0642\u0639 \u0627\u0644\u0625\u0644\u0643\u062a\u0631\u0648\u0646\u064a.<\/p><p>\u0627\u0644\u0627\u0634\u062a\u0631\u0627\u0643 \u0641\u064a \u0627\u0644\u0646\u0634\u0631\u0627\u062a \u0627\u0644\u0625\u062e\u0628\u0627\u0631\u064a\u0629<\/p><p>\u0623\u0633\u0626\u0644\u0629 \u062d\u0648\u0644 \u062e\u062f\u0645\u0627\u062a\u0646\u0627<\/p><p>\u0627\u0644\u062a\u0637\u0628\u064a\u0642\u0627\u062a \u0623\u0648 \u063a\u064a\u0631\u0647\u0627 \u0645\u0646 \u0648\u0633\u0627\u0626\u0644 \u0627\u0644\u0627\u062a\u0635\u0627\u0644<\/p><p><strong>3.1. \u0641\u0646\u064c\u0651 \u062d\u0648\u0644 \u0645\u0648\u0636\u0648\u0639 \u0627\u0644\u062a\u0627\u0631\u064a\u062e<\/strong><\/p><p>\u0627\u0644\u0627\u0633\u0645 \u0648\u0627\u0644\u0627\u0633\u0645 \u0627\u0644\u0623\u062e\u064a\u0631<\/p><p>\u0627\u0644\u0628\u0631\u064a\u062f \u0627\u0644\u0625\u0644\u0643\u062a\u0631\u0648\u0646\u064a<\/p><p>\u0631\u0642\u0645 \u0627\u0644\u0647\u0627\u062a\u0641<\/p><p>\u0627\u0644\u0639\u0646\u0648\u0627\u0646 (\u0625\u0646 \u0644\u0632\u0645 \u0627\u0644\u0623\u0645\u0631)<\/p><p>\u0645\u0639\u0644\u0648\u0645\u0627\u062a \u062d\u0648\u0644 \u0647\u0630\u0627 \u0627\u0644\u0645\u0648\u0636\u0648\u0639 \u0623\u0648 \u0645\u0639\u0644\u0648\u0645\u0627\u062a \u0623\u062e\u0631\u0649<\/p><p><strong>3.2. \u0627\u0644\u063a\u0631\u0636 \u0645\u0646 \u0627\u0644\u0645\u0639\u0627\u0644\u062c\u0629<\/strong><\/p><p>\u062a\u0627\u0631\u064a\u062e \u0645\u064a\u0644\u0627\u062f\u0646\u0627:<\/p><p>\u0645\u0639\u0627\u0644\u062c\u0629 \u0627\u0633\u062a\u0641\u0633\u0627\u0631\u0627\u062a\u0643\u0645 \u0648\u0627\u0644\u0631\u062f \u0639\u0644\u064a\u0647\u0627<\/p><p>\u062a\u0642\u062f\u064a\u0645 \u062e\u062f\u0645\u0627\u062a\u0646\u0627<\/p><p>\u062a\u0648\u062b\u064a\u0642 \u0627\u0644\u0627\u0633\u062a\u0634\u0627\u0631\u0629 \u0627\u0644\u0642\u0627\u0646\u0648\u0646\u064a\u0629<\/p><p>\u0627\u0644\u0627\u0645\u062a\u062b\u0627\u0644 \u0644\u0644\u0627\u0644\u062a\u0632\u0627\u0645\u0627\u062a \u0627\u0644\u0642\u0627\u0646\u0648\u0646\u064a\u0629<\/p><p><strong>4. \u0627\u0644\u0623\u0633\u0627\u0633 \u0627\u0644\u0642\u0627\u0646\u0648\u0646\u064a \u0644\u0644\u0645\u0639\u0627\u0644\u062c\u0629<\/strong><\/p><p>\u062a\u0633\u062a\u0646\u062f \u0645\u0639\u0627\u0644\u062c\u0629 \u0627\u0644\u0628\u064a\u0627\u0646\u0627\u062a \u0627\u0644\u0634\u062e\u0635\u064a\u0629 \u0625\u0644\u0649 \u0627\u0644\u0623\u0633\u0633 \u0627\u0644\u0642\u0627\u0646\u0648\u0646\u064a\u0629 \u0627\u0644\u062a\u0627\u0644\u064a\u0629:<\/p><p>\u0627\u0644\u0645\u0627\u062f\u0629 6: \u0639\u0636\u0644\u0627\u062a \u0627\u0644\u0628\u0637\u0646. \u0627\u0644\u0645\u0627\u062f\u0629 1 (\u0623) \u0645\u0646 \u0627\u0644\u0644\u0627\u0626\u062d\u0629 \u0627\u0644\u0639\u0627\u0645\u0629 \u0644\u062d\u0645\u0627\u064a\u0629 \u0627\u0644\u0628\u064a\u0627\u0646\u0627\u062a - \u0645\u0648\u0627\u0641\u0642\u0629 \u0635\u0627\u062d\u0628 \u0627\u0644\u0628\u064a\u0627\u0646\u0627\u062a<\/p><p>\u0627\u0644\u0645\u0627\u062f\u0629 6: \u0639\u0636\u0644\u0627\u062a \u0627\u0644\u0628\u0637\u0646. \u0627\u0644\u0645\u0627\u062f\u0629 1 (\u0628) \u0645\u0646 \u0627\u0644\u0644\u0627\u0626\u062d\u0629 \u0627\u0644\u0639\u0627\u0645\u0629 \u0644\u062d\u0645\u0627\u064a\u0629 \u0627\u0644\u0628\u064a\u0627\u0646\u0627\u062a \u2013 \u0627\u0644\u0623\u062f\u0627\u0621 \u0627\u0644\u062a\u0639\u0627\u0642\u062f\u064a \u0623\u0648 \u0627\u0644\u062a\u062f\u0627\u0628\u064a\u0631 \u0627\u0644\u0633\u0627\u0628\u0642\u0629 \u0644\u0644\u062a\u0639\u0627\u0642\u062f<\/p><p>\u0627\u0644\u0645\u0627\u062f\u0629 6: \u0639\u0636\u0644\u0627\u062a \u0627\u0644\u0628\u0637\u0646. \u0627\u0644\u0645\u0627\u062f\u0629 1 (\u062c) \u0645\u0646 \u0627\u0644\u0644\u0627\u0626\u062d\u0629 \u0627\u0644\u0639\u0627\u0645\u0629 \u0644\u062d\u0645\u0627\u064a\u0629 \u0627\u0644\u0628\u064a\u0627\u0646\u0627\u062a \u2013 \u0627\u0644\u0627\u0644\u062a\u0632\u0627\u0645\u0627\u062a \u0627\u0644\u0642\u0627\u0646\u0648\u0646\u064a\u0629<\/p><p>\u0627\u0644\u0645\u0627\u062f\u0629 6: \u0639\u0636\u0644\u0627\u062a \u0627\u0644\u0628\u0637\u0646. \u0627\u0644\u0645\u0627\u062f\u0629 1 (\u0648) \u0645\u0646 \u0627\u0644\u0644\u0627\u0626\u062d\u0629 \u0627\u0644\u0639\u0627\u0645\u0629 \u0644\u062d\u0645\u0627\u064a\u0629 \u0627\u0644\u0628\u064a\u0627\u0646\u0627\u062a \u2013 \u0627\u0644\u0645\u0635\u0644\u062d\u0629 \u0627\u0644\u0645\u0634\u0631\u0648\u0639\u0629\u060c \u0639\u0644\u0649 \u0633\u0628\u064a\u0644 \u0627\u0644\u0645\u062b\u0627\u0644\u060c \u062a\u062d\u0633\u064a\u0646 \u0627\u0644\u0645\u0648\u0642\u0639 \u0627\u0644\u0625\u0644\u0643\u062a\u0631\u0648\u0646\u064a \u0648\u0627\u0644\u062e\u062f\u0645\u0627\u062a.<\/p><p><strong>5. \u062e\u062f\u0645\u0629 \u062a\u0648\u0635\u064a\u0644 \u0627\u0644\u0637\u0644\u0628\u0627\u062a \u0645\u0646 \u0627\u0644\u0646\u0627\u062f\u0644 \u0648\u0627\u0644\u062c\u0647\u0627\u062a \u0627\u0644\u062e\u0627\u0631\u062c\u064a\u0629<\/strong><\/p><p>\u0647\u0630\u0627 \u0647\u0648 \u0627\u0644\u062a\u0627\u0631\u064a\u062e \u0627\u0644\u0630\u064a \u062a\u0645 \u0641\u064a\u0647 \u062a\u062d\u062f\u064a\u062f \u0627\u0644\u062a\u0627\u0631\u064a\u062e:<\/p><p>\u0625\u0630\u0627 \u0643\u0627\u0646 \u0630\u0644\u0643 \u0636\u0631\u0648\u0631\u064a\u0627\u064b \u0644\u0625\u062a\u0645\u0627\u0645 \u0627\u0644\u0639\u0642\u062f (\u0639\u0644\u0649 \u0633\u0628\u064a\u0644 \u0627\u0644\u0645\u062b\u0627\u0644\u060c \u0643\u0627\u062a\u0628 \u0639\u062f\u0644\u060c \u0645\u0633\u062a\u0634\u0627\u0631 \u0636\u0631\u064a\u0628\u064a\u060c \u0648\u0643\u064a\u0644 \u0639\u0642\u0627\u0631\u0627\u062a)\u060c<\/p><p>\u064a\u0633\u0639\u062f\u0646\u0627 \u062a\u0642\u062f\u064a\u0645 \u0627\u0644\u0645\u0632\u064a\u062f \u0645\u0646 \u0627\u0644\u0645\u0633\u0627\u0639\u062f\u0629 \u0644\u0643\u0645.<\/p><p>\u0623\u0648 \u0625\u0630\u0627 \u0643\u0627\u0646\u062a \u0647\u0646\u0627\u0643 \u0627\u0644\u062a\u0632\u0627\u0645\u0627\u062a \u0642\u0627\u0646\u0648\u0646\u064a\u0629.<\/p><p>\u0646\u0636\u0645\u0646 \u0627\u0645\u062a\u062b\u0627\u0644 \u0627\u0644\u0623\u0637\u0631\u0627\u0641 \u0627\u0644\u062b\u0627\u0644\u062b\u0629 \u0644\u0623\u0646\u0638\u0645\u0629 \u062d\u0645\u0627\u064a\u0629 \u0627\u0644\u0628\u064a\u0627\u0646\u0627\u062a.<\/p><p><strong>6. \u0645\u0644\u0641\u0627\u062a \u062a\u0639\u0631\u064a\u0641 \u0627\u0644\u0627\u0631\u062a\u0628\u0627\u0637 \u0648\u0627\u0644\u062a\u062a\u0628\u0639<\/strong><\/p><p>\u064a\u0633\u062a\u062e\u062f\u0645 \u0645\u0648\u0642\u0639\u0646\u0627 \u0627\u0644\u0625\u0644\u0643\u062a\u0631\u0648\u0646\u064a \u0645\u0644\u0641\u0627\u062a \u062a\u0639\u0631\u064a\u0641 \u0627\u0644\u0627\u0631\u062a\u0628\u0627\u0637\u060c \u0648\u0627\u0644\u062a\u064a \u064a\u062a\u0645 \u0627\u0633\u062a\u062e\u062f\u0627\u0645\u0647\u0627 \u0648\u062a\u062d\u0644\u064a\u0644\u0647\u0627 \u0628\u0634\u0643\u0644 \u0645\u062a\u0643\u0631\u0631.<\/p><p><strong>6.1. \u0645\u0644\u0641\u0627\u062a \u062a\u0639\u0631\u064a\u0641 \u0627\u0644\u0627\u0631\u062a\u0628\u0627\u0637 (\u0627\u0644\u0643\u0648\u0643\u064a\u0632)<\/strong><\/p><p>\u062a\u0646\u0628\u064a\u0647: \u0644\u0627 \u064a\u062a\u0645 \u0627\u0633\u062a\u062e\u062f\u0627\u0645 \u0645\u0644\u0641\u0627\u062a \u062a\u0639\u0631\u064a\u0641 \u0627\u0644\u0627\u0631\u062a\u0628\u0627\u0637 (\u0627\u0644\u0643\u0648\u0643\u064a\u0632) \u0639\u0644\u0649 \u0647\u0630\u0627 \u0627\u0644\u0645\u0648\u0642\u0639.<\/p><p>\u062a\u062d\u0644\u064a\u0644 \u0645\u0644\u0641\u0627\u062a \u062a\u0639\u0631\u064a\u0641 \u0627\u0644\u0627\u0631\u062a\u0628\u0627\u0637 (\u0627\u0644\u0643\u0648\u0643\u064a\u0632): \u0627\u0637\u0651\u0644\u0639 \u0639\u0644\u0649 \u062d\u0627\u0644\u062a\u0643 \u0648\u0642\u0645 \u0628\u062a\u062d\u0633\u064a\u0646 \u0645\u0648\u0642\u0639\u0643 \u0627\u0644\u0625\u0644\u0643\u062a\u0631\u0648\u0646\u064a.<\/p><p>\u0645\u0644\u0641\u0627\u062a \u062a\u0639\u0631\u064a\u0641 \u0627\u0644\u0627\u0631\u062a\u0628\u0627\u0637 \u0627\u0644\u062a\u0633\u0648\u064a\u0642\u064a\u0629: \u064a\u0631\u062c\u0649 \u0625\u062f\u062e\u0627\u0644 \u062a\u0641\u0627\u0635\u064a\u0644 \u062d\u0633\u0627\u0628\u0643 \u0627\u0644\u0634\u062e\u0635\u064a (\u0641\u0642\u0637 \u0628\u0645\u0648\u0627\u0641\u0642\u062a\u0643)<\/p><p><strong>6.2. \u0625\u062f\u0627\u0631\u0629 \u0645\u0644\u0641\u0627\u062a \u062a\u0639\u0631\u064a\u0641 \u0627\u0644\u0627\u0631\u062a\u0628\u0627\u0637<\/strong><\/p><p>\u064a\u0645\u0643\u0646\u0643 \u062a\u0639\u0637\u064a\u0644 \u0623\u0648 \u062d\u0630\u0641 \u0645\u0644\u0641\u0627\u062a \u062a\u0639\u0631\u064a\u0641 \u0627\u0644\u0627\u0631\u062a\u0628\u0627\u0637 \u0641\u064a \u0645\u062a\u0635\u0641\u062d\u0643 \u0641\u064a \u0623\u064a \u0648\u0642\u062a. \u064a\u064f\u0631\u062c\u0649 \u0627\u0644\u0639\u0644\u0645 \u0623\u0646 \u0630\u0644\u0643 \u0642\u062f \u064a\u064f\u062d\u062f\u0651 \u0645\u0646 \u0648\u0638\u0627\u0626\u0641 \u0627\u0644\u0645\u0648\u0642\u0639 \u0627\u0644\u0625\u0644\u0643\u062a\u0631\u0648\u0646\u064a.<\/p><p><strong>7. \u062e\u062f\u0645\u0627\u062a \u062c\u0648\u062c\u0644 \/ \u0645\u0632\u0648\u062f\u0648 \u062e\u062f\u0645\u0627\u062a \u0627\u0644\u0637\u0631\u0641 \u0627\u0644\u062b\u0627\u0644\u062b<\/strong><\/p><p>\u0642\u062f \u0646\u0633\u062a\u062e\u062f\u0645 [\u0647\u0630\u0627\/\u0630\u0627\u0643]. \u064a\u0631\u062c\u0649 \u0627\u0644\u0627\u062a\u0635\u0627\u0644 \u0628\u0646\u0627 \u0644\u0645\u0632\u064a\u062f \u0645\u0646 \u0627\u0644\u062a\u0641\u0627\u0635\u064a\u0644:<\/p><p>\u062a\u062d\u0644\u064a\u0644\u0627\u062a \u062c\u0648\u062c\u0644: \u062a\u062d\u0644\u064a\u0644 \u0645\u0648\u0642\u0639\u0643 \u0627\u0644\u0625\u0644\u0643\u062a\u0631\u0648\u0646\u064a (\u0628\u064a\u0627\u0646\u0627\u062a \u0645\u062c\u0647\u0648\u0644\u0629 \u0627\u0644\u0645\u0635\u062f\u0631 \u0641\u0642\u0637)<\/p><p>\u062c\u0648\u062c\u0644 \u0631\u064a\u0643\u0627\u0628\u062a\u0634\u0627: \u0627\u0633\u062a\u062e\u062f\u0645\u0647\u0627 \u0644\u0645\u0643\u0627\u0641\u062d\u0629 \u0627\u0644\u0631\u0633\u0627\u0626\u0644 \u0627\u0644\u0645\u0632\u0639\u062c\u0629 \u0641\u064a \u0646\u0645\u0648\u0630\u062c \u0627\u0644\u0627\u062a\u0635\u0627\u0644<\/p><p>\u0625\u0636\u0627\u0641\u0627\u062a\/\u0623\u062f\u0648\u0627\u062a \u0625\u0636\u0627\u0641\u064a\u0629: \u062a\u062d\u0633\u064a\u0646 \u0648\u0638\u0627\u0626\u0641\u0643<\/p><p>\u064a\u062a\u0645 \u062a\u0642\u062f\u064a\u0645 \u062c\u0645\u064a\u0639 \u0627\u0644\u0645\u0639\u0644\u0648\u0645\u0627\u062a \u0627\u0644\u062a\u064a \u062a\u062d\u062a\u0627\u062c\u0647\u0627 \u0628\u0634\u0623\u0646 \u0627\u0644\u0645\u0648\u0639\u062f \u0628\u0645\u0627 \u064a\u062a\u0648\u0627\u0641\u0642 \u0645\u0639 \u0627\u0644\u0644\u0627\u0626\u062d\u0629 \u0627\u0644\u0639\u0627\u0645\u0629 \u0644\u062d\u0645\u0627\u064a\u0629 \u0627\u0644\u0628\u064a\u0627\u0646\u0627\u062a (GDPR).<\/p><p><strong>8. \u0623\u0645\u0646 \u0627\u0644\u0628\u064a\u0627\u0646\u0627\u062a<\/strong><\/p><p>\u0646\u062d\u0646 \u0646\u0646\u0634\u0631 \u0627\u0644\u062a\u0643\u0646\u0648\u0644\u0648\u062c\u064a\u0627 \u0648\u0627\u0644\u062a\u0646\u0638\u064a\u0645 \u0647\u0646\u0627\u0643\u060c \u0648\u0630\u0644\u0643 \u0641\u064a \u0630\u0644\u0643 \u0627\u0644\u064a\u0648\u0645 \u0644\u062d\u0645\u0627\u064a\u0629 \u0627\u0644\u0646\u0638\u0627\u0645 \u0645\u0646 \u0627\u0644\u0648\u0635\u0648\u0644 \u063a\u064a\u0631 \u0627\u0644\u0645\u0635\u0631\u062d \u0628\u0647 \u0623\u0648 \u0627\u0644\u0641\u0642\u062f\u0627\u0646 \u0623\u0648 \u0633\u0648\u0621 \u0627\u0644\u0627\u0633\u062a\u062e\u062f\u0627\u0645. \u0648\u0642\u0627\u0644:<\/p><p>\u062a\u0634\u0641\u064a\u0631 \u0627\u0644\u0628\u064a\u0627\u0646\u0627\u062a \u0627\u0644\u062d\u0633\u0627\u0633\u0629 (SSL \/ HTTPS)<\/p><p>\u0627\u0646\u0642\u0631 \u0639\u0644\u0649 \u0627\u0644\u0625\u0646\u062a\u0631\u0646\u062a \u0644\u0639\u0631\u0636 \u0627\u0644\u0646\u0638\u0627\u0645.<\/p><p>\u062a\u062d\u062f\u064a\u062b\u0627\u062a \u0645\u0646\u062a\u0638\u0645\u0629<\/p><p><strong>9. \u0639\u0644\u0649 \u0627\u0644\u0631\u062d\u0628 \u0648\u0627\u0644\u0633\u0639\u0629<\/strong><\/p><p>\u064a\u0645\u0643\u0646\u0643\u0645 \u0627\u0644\u0627\u0637\u0644\u0627\u0639 \u0639\u0644\u0649 \u0627\u0644\u0645\u0632\u064a\u062f \u0645\u0646 \u0627\u0644\u0645\u0639\u0644\u0648\u0645\u0627\u062a \u0647\u0646\u0627:<\/p><p>\u064a\u0631\u062c\u0649 \u0627\u0644\u0627\u062a\u0635\u0627\u0644 \u0628\u0646\u0627 \u0628\u062e\u0635\u0648\u0635 \u0647\u0630\u0627 \u0627\u0644\u0645\u0648\u0639\u062f.<\/p><p>\u062a\u0635\u062d\u064a\u062d \u0627\u0644\u0628\u064a\u0627\u0646\u0627\u062a \u063a\u064a\u0631 \u0627\u0644\u062f\u0642\u064a\u0642\u0629<\/p><p>\u062a\u0639\u0631\u0641 \u0639\u0644\u0649 \u0627\u0644\u0645\u0632\u064a\u062f \u062d\u0648\u0644 \u0639\u0645\u0644\u064a\u0629 \u0627\u0644\u0645\u0639\u0627\u0644\u062c\u0629<\/p><p>\u0625\u0644\u063a\u0627\u0621 \u0645\u0648\u0627\u0641\u0642\u062a\u0643<\/p><p>\u0642\u0627\u0628\u0644\u064a\u0629 \u0646\u0642\u0644 \u0627\u0644\u0628\u064a\u0627\u0646\u0627\u062a<\/p><p>\u0645\u0646 \u0627\u0644\u0623\u0641\u0636\u0644 \u0627\u0633\u062a\u062e\u062f\u0627\u0645 \u0627\u0644\u0628\u064a\u0627\u0646\u0627\u062a.<\/p><p><strong>10. \u0645\u062f\u0629 \u0627\u0644\u062a\u062e\u0632\u064a\u0646<\/strong><\/p><p>\u0647\u0646\u0627\u0643 \u0634\u062e\u0635 \u0648\u064f\u0644\u062f \u0641\u064a \u0627\u0644\u0638\u0644\u0627\u0645 \u0644\u064a\u0642\u0648\u0645 \u0628\u0630\u0644\u0643 \u0645\u0646 \u0623\u062c\u0644\u0643. \u0647\u0630\u0627 \u0647\u0648 \u0627\u0644\u062e\u064a\u0627\u0631 \u0627\u0644\u0623\u0645\u062b\u0644 \u0644\u0643.<\/p><p><strong>11. \u062a\u0639\u0631\u0641 \u0639\u0644\u0649 \u0627\u0644\u0645\u0632\u064a\u062f \u062d\u0648\u0644 \u0647\u0630\u0627 \u0627\u0644\u0645\u0648\u0636\u0648\u0639<\/strong><\/p><p>\u0646\u062d\u0646 \u0647\u0646\u0627 \u0644\u0645\u0633\u0627\u0639\u062f\u062a\u0643 \u0641\u064a \u0627\u0644\u062d\u0635\u0648\u0644 \u0639\u0644\u0649 \u0627\u0644\u0645\u0639\u0644\u0648\u0645\u0627\u062a \u0627\u0644\u062a\u064a \u062a\u062d\u062a\u0627\u062c\u0647\u0627 \u0644\u0644\u0639\u062b\u0648\u0631 \u0639\u0644\u0649 \u0634\u064a\u0621 \u062c\u062f\u064a\u062f \u0644\u0645\u0646\u0632\u0644\u0643. \u064a\u0631\u062c\u0649 \u0645\u0631\u0627\u062c\u0639\u0629 \u0627\u0644\u0645\u0648\u0642\u0639 \u0628\u0627\u0646\u062a\u0638\u0627\u0645 \u0644\u0644\u0627\u0637\u0644\u0627\u0639 \u0639\u0644\u0649 \u0623\u062d\u062f\u062b \u0646\u0633\u062e\u0629.<\/p><p><strong>12. \u0627\u0644\u0627\u062a\u0635\u0627\u0644<\/strong><\/p><p>\u0644\u0644\u0627\u0633\u062a\u0641\u0633\u0627\u0631\u0627\u062a \u0627\u0644\u0645\u062a\u0639\u0644\u0642\u0629 \u0628\u062d\u0645\u0627\u064a\u0629 \u0627\u0644\u0628\u064a\u0627\u0646\u0627\u062a\u060c \u064a\u0631\u062c\u0649 \u0627\u0644\u0627\u062a\u0635\u0627\u0644 \u0628\u0645\u0627 \u064a\u0644\u064a:<br \/>\u0627\u0644\u0628\u0631\u064a\u062f \u0627\u0644\u0625\u0644\u0643\u062a\u0631\u0648\u0646\u064a: johannes@samaan.legal<\/p><p>\u0631\u0642\u0645 \u0627\u0644\u0647\u0627\u062a\u0641: 01\/9977003<\/p>\t\t\t\t\t\t\t\t<\/div>\n\t\t\t\t<\/div>\n\t\t\t\t\t<\/div>\n\t\t\t\t<\/div>\n\t\t\t\t<\/div>","protected":false},"excerpt":{"rendered":"<p>Datenschutzrichtlinie 1. Verantwortlicher f\u00fcr die Datenverarbeitung Verantwortlicher f\u00fcr die Verarbeitung personenbezogener Daten auf dieser Website ist: SAMAAN.LEGALDr. Johannes SamaanReichsratsstra\u00dfe 13\/12a, 1010 Wien, \u00d6sterreichE-Mail: johannes@samaan.legal Telefon: 01\/9977003 2. Alles, was Sie \u00fcber die Daten wissen m\u00fcssen Der Schutz Ihrer personenbezogenen Daten ist uns ein wichtiges Anliegen. Zu den personenbezogenen Daten in diesem Zusammenhang z\u00e4hlen alle Informationen, [&hellip;]<\/p>\n","protected":false},"author":1,"featured_media":0,"parent":0,"menu_order":0,"comment_status":"closed","ping_status":"closed","template":"elementor_header_footer","meta":{"footnotes":""},"class_list":["post-3","page","type-page","status-publish","hentry"],"blocksy_meta":[],"_hostinger_reach_plugin_has_subscription_block":false,"_hostinger_reach_plugin_is_elementor":false,"_links":{"self":[{"href":"https:\/\/samaan.legal\/ar\/wp-json\/wp\/v2\/pages\/3","targetHints":{"allow":["GET"]}}],"collection":[{"href":"https:\/\/samaan.legal\/ar\/wp-json\/wp\/v2\/pages"}],"about":[{"href":"https:\/\/samaan.legal\/ar\/wp-json\/wp\/v2\/types\/page"}],"author":[{"embeddable":true,"href":"https:\/\/samaan.legal\/ar\/wp-json\/wp\/v2\/users\/1"}],"replies":[{"embeddable":true,"href":"https:\/\/samaan.legal\/ar\/wp-json\/wp\/v2\/comments?post=3"}],"version-history":[{"count":28,"href":"https:\/\/samaan.legal\/ar\/wp-json\/wp\/v2\/pages\/3\/revisions"}],"predecessor-version":[{"id":3065,"href":"https:\/\/samaan.legal\/ar\/wp-json\/wp\/v2\/pages\/3\/revisions\/3065"}],"wp:attachment":[{"href":"https:\/\/samaan.legal\/ar\/wp-json\/wp\/v2\/media?parent=3"}],"curies":[{"name":"wp","href":"https:\/\/api.w.org\/{rel}","templated":true}]}}